{"id":271,"date":"2019-11-20T15:40:52","date_gmt":"2019-11-20T14:40:52","guid":{"rendered":"https:\/\/matorral-editions.com\/?post_type=product&#038;p=271"},"modified":"2026-04-06T21:00:53","modified_gmt":"2026-04-06T19:00:53","slug":"hyper-nature-europe","status":"publish","type":"product","link":"https:\/\/matorral-editions.com\/index.php\/produit\/hyper-nature-europe\/","title":{"rendered":"Hyper nature Europe"},"content":{"rendered":"<p>Fruit de soixante ann\u00e9es de contemplations du r\u00e9el vivant. Avec les contributions de 28 naturalistes et scientifiques, des bact\u00e9ries aux mammif\u00e8res, du Portugal \u00e0 l&rsquo;Oural.<\/p>\n","protected":false},"excerpt":{"rendered":"<p>Frais de port unique de 2\u20ac<\/p>\n<p>30x30cm<\/p>\n<p>Broch\u00e9<\/p>\n<p>228 pages<\/p>\n<p>2KG<\/p>\n","protected":false},"featured_media":275,"comment_status":"open","ping_status":"closed","template":"","meta":{"spay_email":"","jetpack_publicize_message":"","jetpack_is_tweetstorm":false},"product_cat":[16],"product_tag":[34,21,23,31,22],"jetpack_publicize_connections":[],"jetpack_sharing_enabled":true,"_links":{"self":[{"href":"https:\/\/matorral-editions.com\/index.php\/wp-json\/wp\/v2\/product\/271"}],"collection":[{"href":"https:\/\/matorral-editions.com\/index.php\/wp-json\/wp\/v2\/product"}],"about":[{"href":"https:\/\/matorral-editions.com\/index.php\/wp-json\/wp\/v2\/types\/product"}],"replies":[{"embeddable":true,"href":"https:\/\/matorral-editions.com\/index.php\/wp-json\/wp\/v2\/comments?post=271"}],"wp:featuredmedia":[{"embeddable":true,"href":"https:\/\/matorral-editions.com\/index.php\/wp-json\/wp\/v2\/media\/275"}],"wp:attachment":[{"href":"https:\/\/matorral-editions.com\/index.php\/wp-json\/wp\/v2\/media?parent=271"}],"wp:term":[{"taxonomy":"product_cat","embeddable":true,"href":"https:\/\/matorral-editions.com\/index.php\/wp-json\/wp\/v2\/product_cat?post=271"},{"taxonomy":"product_tag","embeddable":true,"href":"https:\/\/matorral-editions.com\/index.php\/wp-json\/wp\/v2\/product_tag?post=271"}],"curies":[{"name":"wp","href":"https:\/\/api.w.org\/{rel}","templated":true}]}}