{"id":124,"date":"2019-01-16T16:50:41","date_gmt":"2019-01-16T15:50:41","guid":{"rendered":"https:\/\/matorral-editions.com\/?post_type=product&#038;p=124"},"modified":"2025-03-19T18:10:50","modified_gmt":"2025-03-19T17:10:50","slug":"rainer-maria-rilke-poemes-francais-edition-bilingue","status":"publish","type":"product","link":"https:\/\/matorral-editions.com\/index.php\/produit\/rainer-maria-rilke-poemes-francais-edition-bilingue\/","title":{"rendered":"Rainer Maria Rilke &#8211; po\u00e8mes fran\u00e7ais &#8211; Edition Bilingue"},"content":{"rendered":"<p>Traduction: Margitta Zimmermann<\/p>\n<p>Nouvelle \u00e9dition bilingue de 6 grands cycles des po\u00e8mes de R.M.Rilke, illustr\u00e9e \u00e0 la mani\u00e8re d&rsquo;un Livre d&rsquo;Heures d&rsquo;enluminures et de miniatures de l&rsquo;art m\u00e9di\u00e9val, en hommage \u00e0 ce grand po\u00e8te universel.<\/p>\n","protected":false},"excerpt":{"rendered":"<p>Frais de Port unique de 2\u20ac<\/p>\n<p>30 x 19 cm<\/p>\n<p>Cartonn\u00e9, pr\u00e9sentation soign\u00e9e<\/p>\n<p>138 pages<\/p>\n","protected":false},"featured_media":184,"comment_status":"open","ping_status":"closed","template":"","meta":{"spay_email":"","jetpack_publicize_message":"","jetpack_is_tweetstorm":false},"product_cat":[16],"product_tag":[26,27,29,28],"jetpack_publicize_connections":[],"jetpack_sharing_enabled":true,"_links":{"self":[{"href":"https:\/\/matorral-editions.com\/index.php\/wp-json\/wp\/v2\/product\/124"}],"collection":[{"href":"https:\/\/matorral-editions.com\/index.php\/wp-json\/wp\/v2\/product"}],"about":[{"href":"https:\/\/matorral-editions.com\/index.php\/wp-json\/wp\/v2\/types\/product"}],"replies":[{"embeddable":true,"href":"https:\/\/matorral-editions.com\/index.php\/wp-json\/wp\/v2\/comments?post=124"}],"wp:featuredmedia":[{"embeddable":true,"href":"https:\/\/matorral-editions.com\/index.php\/wp-json\/wp\/v2\/media\/184"}],"wp:attachment":[{"href":"https:\/\/matorral-editions.com\/index.php\/wp-json\/wp\/v2\/media?parent=124"}],"wp:term":[{"taxonomy":"product_cat","embeddable":true,"href":"https:\/\/matorral-editions.com\/index.php\/wp-json\/wp\/v2\/product_cat?post=124"},{"taxonomy":"product_tag","embeddable":true,"href":"https:\/\/matorral-editions.com\/index.php\/wp-json\/wp\/v2\/product_tag?post=124"}],"curies":[{"name":"wp","href":"https:\/\/api.w.org\/{rel}","templated":true}]}}