{"id":33,"date":"2018-12-17T00:55:08","date_gmt":"2018-12-16T23:55:08","guid":{"rendered":"http:\/\/matorral-editions.com\/?page_id=33"},"modified":"2019-01-21T10:48:13","modified_gmt":"2019-01-21T09:48:13","slug":"a-propos","status":"publish","type":"page","link":"https:\/\/matorral-editions.com\/index.php\/a-propos\/","title":{"rendered":"\u00c0 propos"},"content":{"rendered":"<p>Matorral Editions, n\u00e9 de l&rsquo;\u00e9ducation \u00e0 l&rsquo;environnement pour tous les publics, vous propose ses premiers ouvrages de vulgarisation scientifique richement illustr\u00e9s.<\/p>\n<p>L&rsquo;association Matorral, \u00e0 but non lucratif, investit l&rsquo;int\u00e9gralit\u00e9 du fruit de ses ventes dans la conception et la r\u00e9alisation de ses futures cr\u00e9ations: livres, expositions&#8230; Elle pratique une politique de prix modestes.<\/p>\n<p><img loading=\"lazy\" class=\"size-medium wp-image-136 aligncenter\" src=\"https:\/\/matorral-editions.com\/wp-content\/uploads\/2019\/01\/A-propos-w-300x300.jpg\" alt=\"\" width=\"300\" height=\"300\" srcset=\"https:\/\/matorral-editions.com\/wp-content\/uploads\/2019\/01\/A-propos-w-300x300.jpg 300w, https:\/\/matorral-editions.com\/wp-content\/uploads\/2019\/01\/A-propos-w-150x150.jpg 150w, https:\/\/matorral-editions.com\/wp-content\/uploads\/2019\/01\/A-propos-w-100x100.jpg 100w, https:\/\/matorral-editions.com\/wp-content\/uploads\/2019\/01\/A-propos-w.jpg 567w\" sizes=\"(max-width: 300px) 100vw, 300px\" \/><\/p>\n\n\n<p><\/p>\n","protected":false},"excerpt":{"rendered":"<p>Matorral Editions, n\u00e9 de l&rsquo;\u00e9ducation \u00e0 l&rsquo;environnement pour tous les publics, vous propose ses premiers ouvrages de vulgarisation scientifique richement&hellip; <\/p>\n","protected":false},"author":1,"featured_media":0,"parent":0,"menu_order":0,"comment_status":"closed","ping_status":"closed","template":"","meta":{"spay_email":""},"jetpack_sharing_enabled":true,"jetpack_shortlink":"https:\/\/wp.me\/PaxAfj-x","_links":{"self":[{"href":"https:\/\/matorral-editions.com\/index.php\/wp-json\/wp\/v2\/pages\/33"}],"collection":[{"href":"https:\/\/matorral-editions.com\/index.php\/wp-json\/wp\/v2\/pages"}],"about":[{"href":"https:\/\/matorral-editions.com\/index.php\/wp-json\/wp\/v2\/types\/page"}],"author":[{"embeddable":true,"href":"https:\/\/matorral-editions.com\/index.php\/wp-json\/wp\/v2\/users\/1"}],"replies":[{"embeddable":true,"href":"https:\/\/matorral-editions.com\/index.php\/wp-json\/wp\/v2\/comments?post=33"}],"version-history":[{"count":4,"href":"https:\/\/matorral-editions.com\/index.php\/wp-json\/wp\/v2\/pages\/33\/revisions"}],"predecessor-version":[{"id":196,"href":"https:\/\/matorral-editions.com\/index.php\/wp-json\/wp\/v2\/pages\/33\/revisions\/196"}],"wp:attachment":[{"href":"https:\/\/matorral-editions.com\/index.php\/wp-json\/wp\/v2\/media?parent=33"}],"curies":[{"name":"wp","href":"https:\/\/api.w.org\/{rel}","templated":true}]}}