{"id":32,"date":"2018-12-17T00:59:24","date_gmt":"2018-12-16T23:59:24","guid":{"rendered":"http:\/\/matorral-editions.com\/?page_id=32"},"modified":"2019-01-16T11:44:27","modified_gmt":"2019-01-16T10:44:27","slug":"accueil","status":"publish","type":"page","link":"https:\/\/matorral-editions.com\/","title":{"rendered":"Accueil"},"content":{"rendered":"<p>L&rsquo;entreprise associative Matorral, d&rsquo;\u00e9ducation \u00e0 l&rsquo;environnement, d&rsquo;\u00e9ditions et d&rsquo;expositions, est heureuse de vous pr\u00e9senter ses publications.<\/p>\n<p><img loading=\"lazy\" class=\"aligncenter wp-image-135 size-large\" src=\"https:\/\/matorral-editions.com\/wp-content\/uploads\/2019\/01\/1985-2018-web-1024x563.jpg\" alt=\"\" width=\"790\" height=\"434\" srcset=\"https:\/\/matorral-editions.com\/wp-content\/uploads\/2019\/01\/1985-2018-web-1024x563.jpg 1024w, https:\/\/matorral-editions.com\/wp-content\/uploads\/2019\/01\/1985-2018-web-300x165.jpg 300w, https:\/\/matorral-editions.com\/wp-content\/uploads\/2019\/01\/1985-2018-web-768x422.jpg 768w, https:\/\/matorral-editions.com\/wp-content\/uploads\/2019\/01\/1985-2018-web-600x330.jpg 600w, https:\/\/matorral-editions.com\/wp-content\/uploads\/2019\/01\/1985-2018-web.jpg 1701w\" sizes=\"(max-width: 790px) 100vw, 790px\" \/><\/p>\n","protected":false},"excerpt":{"rendered":"<p>L&rsquo;entreprise associative Matorral, d&rsquo;\u00e9ducation \u00e0 l&rsquo;environnement, d&rsquo;\u00e9ditions et d&rsquo;expositions, est heureuse de vous pr\u00e9senter ses publications.<\/p>\n","protected":false},"author":1,"featured_media":0,"parent":0,"menu_order":0,"comment_status":"closed","ping_status":"closed","template":"page-templates\/gallery-template.php","meta":{"spay_email":""},"jetpack_sharing_enabled":true,"jetpack_shortlink":"https:\/\/wp.me\/PaxAfj-w","_links":{"self":[{"href":"https:\/\/matorral-editions.com\/index.php\/wp-json\/wp\/v2\/pages\/32"}],"collection":[{"href":"https:\/\/matorral-editions.com\/index.php\/wp-json\/wp\/v2\/pages"}],"about":[{"href":"https:\/\/matorral-editions.com\/index.php\/wp-json\/wp\/v2\/types\/page"}],"author":[{"embeddable":true,"href":"https:\/\/matorral-editions.com\/index.php\/wp-json\/wp\/v2\/users\/1"}],"replies":[{"embeddable":true,"href":"https:\/\/matorral-editions.com\/index.php\/wp-json\/wp\/v2\/comments?post=32"}],"version-history":[{"count":9,"href":"https:\/\/matorral-editions.com\/index.php\/wp-json\/wp\/v2\/pages\/32\/revisions"}],"predecessor-version":[{"id":167,"href":"https:\/\/matorral-editions.com\/index.php\/wp-json\/wp\/v2\/pages\/32\/revisions\/167"}],"wp:attachment":[{"href":"https:\/\/matorral-editions.com\/index.php\/wp-json\/wp\/v2\/media?parent=32"}],"curies":[{"name":"wp","href":"https:\/\/api.w.org\/{rel}","templated":true}]}}