{"id":107,"date":"2018-12-17T02:02:32","date_gmt":"2018-12-17T01:02:32","guid":{"rendered":"https:\/\/matorral-editions.com\/?page_id=107"},"modified":"2021-06-28T19:45:28","modified_gmt":"2021-06-28T17:45:28","slug":"mentions-legales","status":"publish","type":"page","link":"https:\/\/matorral-editions.com\/index.php\/mentions-legales\/","title":{"rendered":"Mentions L\u00e9gales"},"content":{"rendered":"\n<p><strong>Nom de l&rsquo;entreprise , \u00c9diteur :<\/strong>&nbsp;&nbsp;&nbsp;&nbsp;Matorral&nbsp;<\/p>\n\n\n\n<p><strong>Forme Juridique :<\/strong>&nbsp;association loi 1901.<\/p>\n\n\n\n<p><strong>SIRET :<\/strong>&nbsp;&nbsp;49863117500011<\/p>\n\n\n\n<p><strong>Adresse :<\/strong> &nbsp; &nbsp; &nbsp;14 Rue du Porche 34700 SAINT PRIVAT<\/p>\n\n\n\n<p><strong>T\u00e9l\u00e9phone :<\/strong>\u00a004 67 96 14 80<\/p>\n\n\n\n<p><strong>E-mail :<\/strong> matorral.france@yahoo.fr<\/p>\n\n\n\n<p><strong>Site internet :&nbsp;<\/strong>&nbsp; matorral-editions.com<\/p>\n\n\n\n<p>Site d\u00e9velopp\u00e9 sous WordPress et h\u00e9berg\u00e9 par OVH avec l&rsquo;aide pr\u00e9cieuse de Joannie.<\/p>\n\n\n\n<p>Le site est d\u00e9clar\u00e9 en France \u00e0 la Commission Nationale de l\u2019Informatique et des Libert\u00e9s (CNIL) sous le num\u00e9ro (<em>en cours d&rsquo;attribution<\/em>)<\/p>\n\n\n\n<p><strong>Propri\u00e9t\u00e9&nbsp;intellectuelle :&nbsp;<\/strong>La structure g\u00e9n\u00e9rale du site comme ses contenus ( photographies et textes ) sont la propri\u00e9t\u00e9 intellectuelle&nbsp;de Philippe Martin . Toute utilisation totale ou partielle , est interdite sans son autorisation .<\/p>\n\n\n\n<p><strong>Donn\u00e9es personnelles&nbsp;:<\/strong> Aucune donn\u00e9e personnelle ne sera collect\u00e9e \u00e0 votre insu ou c\u00e9d\u00e9e \u00e0 un tiers .<\/p>\n\n\n\n<p><strong>Responsabilit\u00e9 :<\/strong> Les informations consultables sur le site le sont \u00e0 titre informatif et seront sujettes \u00e0 des modifications&nbsp;lors des r\u00e9actualisations du site .<\/p>\n\n\n\n<p>Pour toute remarque concernant le fonctionnement du site, merci de s&rsquo;adresser \u00e0 : matorral.france@yahoo.fr<\/p>\n","protected":false},"excerpt":{"rendered":"<p>Nom de l&rsquo;entreprise , \u00c9diteur :&nbsp;&nbsp;&nbsp;&nbsp;Matorral&nbsp; Forme Juridique :&nbsp;association loi 1901. SIRET :&nbsp;&nbsp;49863117500011 Adresse : &nbsp; &nbsp; &nbsp;14 Rue du&hellip; <\/p>\n","protected":false},"author":1,"featured_media":0,"parent":0,"menu_order":0,"comment_status":"closed","ping_status":"closed","template":"","meta":{"spay_email":""},"jetpack_sharing_enabled":true,"jetpack_shortlink":"https:\/\/wp.me\/PaxAfj-1J","_links":{"self":[{"href":"https:\/\/matorral-editions.com\/index.php\/wp-json\/wp\/v2\/pages\/107"}],"collection":[{"href":"https:\/\/matorral-editions.com\/index.php\/wp-json\/wp\/v2\/pages"}],"about":[{"href":"https:\/\/matorral-editions.com\/index.php\/wp-json\/wp\/v2\/types\/page"}],"author":[{"embeddable":true,"href":"https:\/\/matorral-editions.com\/index.php\/wp-json\/wp\/v2\/users\/1"}],"replies":[{"embeddable":true,"href":"https:\/\/matorral-editions.com\/index.php\/wp-json\/wp\/v2\/comments?post=107"}],"version-history":[{"count":4,"href":"https:\/\/matorral-editions.com\/index.php\/wp-json\/wp\/v2\/pages\/107\/revisions"}],"predecessor-version":[{"id":397,"href":"https:\/\/matorral-editions.com\/index.php\/wp-json\/wp\/v2\/pages\/107\/revisions\/397"}],"wp:attachment":[{"href":"https:\/\/matorral-editions.com\/index.php\/wp-json\/wp\/v2\/media?parent=107"}],"curies":[{"name":"wp","href":"https:\/\/api.w.org\/{rel}","templated":true}]}}